{"id":6,"date":"2013-07-18T11:13:56","date_gmt":"2013-07-18T09:13:56","guid":{"rendered":"http:\/\/www.snickeri.info\/?page_id=6"},"modified":"2025-01-26T15:53:02","modified_gmt":"2025-01-26T14:53:02","slug":"butik","status":"publish","type":"page","link":"https:\/\/www.snickeri.info\/?page_id=6","title":{"rendered":"Produkter"},"content":{"rendered":"<div class=\"fusion-fullwidth fullwidth-box fusion-builder-row-1 fusion-flex-container has-pattern-background has-mask-background nonhundred-percent-fullwidth non-hundred-percent-height-scrolling\" style=\"--awb-border-radius-top-left:0px;--awb-border-radius-top-right:0px;--awb-border-radius-bottom-right:0px;--awb-border-radius-bottom-left:0px;\" ><div class=\"fusion-builder-row fusion-row fusion-flex-align-items-flex-start\" style=\"max-width:1248px;margin-left: calc(-4% \/ 2 );margin-right: calc(-4% \/ 2 );\"><div class=\"fusion-layout-column fusion_builder_column fusion-builder-column-0 fusion_builder_column_1_1 1_1 fusion-flex-column\" style=\"--awb-bg-size:cover;--awb-width-large:100%;--awb-margin-top-large:0px;--awb-spacing-right-large:1.92%;--awb-margin-bottom-large:20px;--awb-spacing-left-large:1.92%;--awb-width-medium:100%;--awb-order-medium:0;--awb-spacing-right-medium:1.92%;--awb-spacing-left-medium:1.92%;--awb-width-small:100%;--awb-order-small:0;--awb-spacing-right-small:1.92%;--awb-spacing-left-small:1.92%;\"><div class=\"fusion-column-wrapper fusion-column-has-shadow fusion-flex-justify-content-flex-start fusion-content-layout-column\"><div class=\"fusion-title title fusion-title-1 fusion-sep-none fusion-title-text fusion-title-size-three\"><h3 class=\"title-heading-left\" style=\"margin:0;\">Produkter<\/h3><\/div><\/div><\/div><div class=\"fusion-layout-column fusion_builder_column fusion-builder-column-1 fusion_builder_column_1_1 1_1 fusion-flex-column\" style=\"--awb-bg-size:cover;--awb-width-large:100%;--awb-margin-top-large:0px;--awb-spacing-right-large:1.92%;--awb-margin-bottom-large:20px;--awb-spacing-left-large:1.92%;--awb-width-medium:100%;--awb-order-medium:0;--awb-spacing-right-medium:1.92%;--awb-spacing-left-medium:1.92%;--awb-width-small:100%;--awb-order-small:0;--awb-spacing-right-small:1.92%;--awb-spacing-left-small:1.92%;\"><div class=\"fusion-column-wrapper fusion-column-has-shadow fusion-flex-justify-content-flex-start fusion-content-layout-column\"><div class=\"fusion-image-element \" style=\"text-align:center;--awb-caption-title-size:var(--h2_typography-font-size);--awb-caption-title-transform:var(--h2_typography-text-transform);--awb-caption-title-line-height:var(--h2_typography-line-height);--awb-caption-title-letter-spacing:var(--h2_typography-letter-spacing);\"><span class=\" fusion-imageframe imageframe-none imageframe-1 hover-type-none\"><img decoding=\"async\" width=\"620\" height=\"383\" title=\"sitsskjutm\u00e5tt\" src=\"http:\/\/www.snickeri.info\/wp-content\/uploads\/2013\/07\/sitsskjutm\u00e5tt.jpg\" alt class=\"img-responsive wp-image-38\" srcset=\"https:\/\/www.snickeri.info\/wp-content\/uploads\/2013\/07\/sitsskjutm\u00e5tt-150x93.jpg 150w, https:\/\/www.snickeri.info\/wp-content\/uploads\/2013\/07\/sitsskjutm\u00e5tt-208x128.jpg 208w, https:\/\/www.snickeri.info\/wp-content\/uploads\/2013\/07\/sitsskjutm\u00e5tt-300x185.jpg 300w, https:\/\/www.snickeri.info\/wp-content\/uploads\/2013\/07\/sitsskjutm\u00e5tt-448x276.jpg 448w, https:\/\/www.snickeri.info\/wp-content\/uploads\/2013\/07\/sitsskjutm\u00e5tt-588x363.jpg 588w, https:\/\/www.snickeri.info\/wp-content\/uploads\/2013\/07\/sitsskjutm\u00e5tt.jpg 620w\" sizes=\"(max-width: 620px) 100vw, 620px\" \/><\/span><\/div><div class=\"fusion-content-boxes content-boxes columns row fusion-columns-1 fusion-columns-total-1 fusion-content-boxes-1 content-boxes-icon-with-title content-left\" style=\"--awb-backgroundcolor:#f1f4f6;--awb-hover-accent-color:var(--awb-color4);--awb-circle-hover-accent-color:var(--awb-color4);--awb-item-margin-bottom:40px;\" data-animationOffset=\"top-into-view\"><div style=\"--awb-backgroundcolor:#f1f4f6;\" class=\"fusion-column content-box-column content-box-column content-box-column-1 col-lg-12 col-md-12 col-sm-12 fusion-content-box-hover content-box-column-last content-box-column-last-in-row\"><div class=\"col content-box-wrapper content-wrapper-background link-area-link-icon content-icon-wrapper-yes icon-hover-animation-fade\" data-animationOffset=\"top-into-view\"><div class=\"fusion-clearfix\"><\/div><div class=\"content-container\">\n<p>Sitsskjutm\u00e5ttet b\u00f6rjade tillverkas efter f\u00f6rfr\u00e5gan, finns nu spritt \u00f6ver hela landet. Varf\u00f6r finns det inte siffror<br \/>\ndirekt p\u00e5 sj\u00e4lva st\u00e5ngen s\u00e5 man slippa anv\u00e4nda m\u00e5ttband? En pr\u00e4glad gradering skulle g\u00f6ra det tr\u00f6gt att skjuta<br \/>\nm\u00e5ttet, bli mer sv\u00e5ranv\u00e4nt. Annan typ av m\u00e4rkning skulle skavas bort \u2013 det skulle ocks\u00e5 bli dyrare<\/p>\n<p><strong>Pris: 1800kr <\/strong><em>(Januari 2025)<\/em><br \/>\nMoms och frakt tillkommer<\/p>\n<\/div><\/div><\/div><div class=\"fusion-clearfix\"><\/div><\/div><\/div><\/div><div class=\"fusion-layout-column fusion_builder_column fusion-builder-column-2 fusion_builder_column_1_1 1_1 fusion-flex-column\" style=\"--awb-bg-size:cover;--awb-width-large:100%;--awb-margin-top-large:0px;--awb-spacing-right-large:1.92%;--awb-margin-bottom-large:20px;--awb-spacing-left-large:1.92%;--awb-width-medium:100%;--awb-order-medium:0;--awb-spacing-right-medium:1.92%;--awb-spacing-left-medium:1.92%;--awb-width-small:100%;--awb-order-small:0;--awb-spacing-right-small:1.92%;--awb-spacing-left-small:1.92%;\"><div class=\"fusion-column-wrapper fusion-column-has-shadow fusion-flex-justify-content-flex-start fusion-content-layout-column\"><div class=\"fusion-content-boxes content-boxes columns row fusion-columns-1 fusion-columns-total-4 fusion-content-boxes-2 content-boxes-timeline-vertical content-left content-boxes-timeline-layout content-boxes-icon-with-title fusion-delayed-animation\" style=\"--awb-backgroundcolor:#f1f4f6;--awb-body-color:#727279;--awb-title-color:#1d1d1f;--awb-iconcolor:#ffffff;--awb-hover-accent-color:#1d1d1f;--awb-circle-hover-accent-color:#1d1d1f;--awb-item-margin-bottom:40px;\" data-animation-delay=\"350\" data-animationOffset=\"top-into-view\"><div style=\"--awb-backgroundcolor:#f1f4f6;--awb-iconcolor:#ffffff;--awb-content-padding-left:70px;\" class=\"fusion-column content-box-column content-box-column content-box-column-1 col-lg-12 col-md-12 col-sm-12 fusion-content-box-hover content-box-column-last-in-row\"><div class=\"col content-box-wrapper content-wrapper-background link-area-link-icon content-icon-wrapper-yes icon-hover-animation-fade fusion-animated\" data-animationType=\"fadeIn\" data-animationDuration=\"0.25\" data-animationOffset=\"top-into-view\"><div class=\"heading heading-with-icon icon-left\" style=\"margin-top:11px;\"><div class=\"icon\" style=\"margin-top:-11px;margin-bottom:-11px;-webkit-animation-duration: 350ms;animation-duration: 350ms;\"><span style=\"height:48px;width:48px;line-height:24px;border-color:var(--awb-color6);border-width:1px;border-style:solid;background-color:var(--awb-color6);margin-right:20px;box-sizing:content-box;border-radius:100%;\"><i style=\"border-color:var(--awb-color6);border-width:0px;background-color:var(--awb-color6);box-sizing:content-box;height:48px;width:48px;line-height:48px;border-radius:100%;position:relative;top:auto;left:auto;margin:0;border-radius:100%;font-size:24px;\" aria-hidden=\"true\" class=\"fontawesome-icon fa-bars fas circle-yes\"><\/i><\/span><\/div><h3 class=\"content-box-heading\" style=\"--h3_typography-font-size:28px;line-height:33px;\">G\u00f6r s\u00e5 h\u00e4r<\/h3><\/div><div class=\"fusion-clearfix\"><\/div><div class=\"content-container\">\n<p>Det b\u00e4sta \u00e4r om brukaren sitter p\u00e5 en brits eller annat stadigt ej f\u00f6r mjukt underlag, med f\u00f6tterna p\u00e5 golvet, kanske beh\u00f6vs en medhj\u00e4lpare som st\u00f6ttar. M\u00e5tten l\u00e4ser du l\u00e4ttast av med ett st\u00e5lm\u00e5ttband.<\/p>\n<\/div><div class=\"content-box-shortcode-timeline-vertical\" style=\"border-color:var(--awb-color6);left:75px;top:60px;-webkit-transition-duration: 350ms;animation-duration: 350ms;\"><\/div><\/div><\/div><div style=\"--awb-backgroundcolor:#f1f4f6;--awb-iconcolor:#ffffff;--awb-content-padding-left:70px;\" class=\"fusion-column content-box-column content-box-column content-box-column-2 col-lg-12 col-md-12 col-sm-12 fusion-content-box-hover content-box-column-last-in-row\"><div class=\"col content-box-wrapper content-wrapper-background link-area-link-icon content-icon-wrapper-yes icon-hover-animation-fade fusion-animated\" data-animationType=\"fadeIn\" data-animationDuration=\"0.25\" data-animationOffset=\"top-into-view\"><div class=\"heading heading-with-icon icon-left\" style=\"margin-top:11px;\"><div class=\"icon\" style=\"margin-top:-11px;margin-bottom:-11px;-webkit-animation-duration: 350ms;animation-duration: 350ms;\"><span style=\"height:48px;width:48px;line-height:24px;border-color:var(--awb-color6);border-width:1px;border-style:solid;background-color:var(--awb-color6);margin-right:20px;box-sizing:content-box;border-radius:100%;\"><i style=\"border-color:var(--awb-color6);border-width:0px;background-color:var(--awb-color6);box-sizing:content-box;height:48px;width:48px;line-height:48px;border-radius:100%;position:relative;top:auto;left:auto;margin:0;border-radius:100%;font-size:24px;\" aria-hidden=\"true\" class=\"fontawesome-icon fa-ruler-horizontal fas circle-yes\"><\/i><\/span><\/div><h3 class=\"content-box-heading\" style=\"--h3_typography-font-size:28px;line-height:33px;\">Sittbredd<\/h3><\/div><div class=\"fusion-clearfix\"><\/div><div class=\"content-container\">\n<p>Om det \u00e4r m\u00f6jligt st\u00e5 bakom brukaren, s\u00e4tt verktyget med st\u00e5ngen bakom dennes rygg.<br \/>\nTryck ihop skivor mot h\u00f6fterna, pressa ihop m\u00e5ttet lite (om brukaren inte \u00e4r v\u00e4ldigt mager) och l\u00e5s<br \/>\nmed ratten. Lagom sittbredd p\u00e5 rullstolen \u00e4r m\u00e5ttet m\u00e4tt fr\u00e5n utsida till utsida av tr\u00e4skivorna.<br \/>\nF\u00f6r tjocka ytterkl\u00e4der i en utomhusstol f\u00e5r man l\u00e4gga till n\u00e5gon eller n\u00e5gra centimetrar, men t\u00e4nk p\u00e5<br \/>\natt rullstolen ger det b\u00e4sta st\u00f6det om den har lagom sittbredd, dvs inte \u00e4r on\u00f6digt bred inv\u00e4ndigt.<\/p>\n<\/div><div class=\"content-box-shortcode-timeline-vertical\" style=\"border-color:var(--awb-color6);left:75px;top:60px;-webkit-transition-duration: 350ms;animation-duration: 350ms;\"><\/div><\/div><\/div><div style=\"--awb-backgroundcolor:#f1f4f6;--awb-iconcolor:#ffffff;--awb-content-padding-left:70px;\" class=\"fusion-column content-box-column content-box-column content-box-column-3 col-lg-12 col-md-12 col-sm-12 fusion-content-box-hover content-box-column-last-in-row\"><div class=\"col content-box-wrapper content-wrapper-background link-area-link-icon content-icon-wrapper-yes icon-hover-animation-fade fusion-animated\" data-animationType=\"fadeIn\" data-animationDuration=\"0.25\" data-animationOffset=\"top-into-view\"><div class=\"heading heading-with-icon icon-left\" style=\"margin-top:11px;\"><div class=\"icon\" style=\"margin-top:-11px;margin-bottom:-11px;-webkit-animation-duration: 350ms;animation-duration: 350ms;\"><span style=\"height:48px;width:48px;line-height:24px;border-color:var(--awb-color6);border-width:1px;border-style:solid;background-color:var(--awb-color6);margin-right:20px;box-sizing:content-box;border-radius:100%;\"><i style=\"border-color:var(--awb-color6);border-width:0px;background-color:var(--awb-color6);box-sizing:content-box;height:48px;width:48px;line-height:48px;border-radius:100%;position:relative;top:auto;left:auto;margin:0;border-radius:100%;font-size:24px;\" aria-hidden=\"true\" class=\"fontawesome-icon fa-ruler-vertical fas circle-yes\"><\/i><\/span><\/div><h3 class=\"content-box-heading\" style=\"--h3_typography-font-size:28px;line-height:33px;\">Sittdjup<\/h3><\/div><div class=\"fusion-clearfix\"><\/div><div class=\"content-container\">\n<p>Skivorna kan vridas \u00e5t olika h\u00e5ll i f\u00f6rh\u00e5llande till varandra, d\u00e4rf\u00f6r kan sittdjupet m\u00e4tas<br \/>\nenkelt. Skivan &#8217;utan ratt&#8217; placeras mot brukarens korsben och den andra mot britsens framkant eller bakom<br \/>\nkn\u00e4vecket d\u00e4r du tycker rullstolens\/dynans framkant ska vara, l\u00e5s ratten.<br \/>\nL\u00e4s av sittdjupet fr\u00e5n insidan av den bakre skivan och utsidan av den fr\u00e4mre.<\/p>\n<\/div><div class=\"content-box-shortcode-timeline-vertical\" style=\"border-color:var(--awb-color6);left:75px;top:60px;-webkit-transition-duration: 350ms;animation-duration: 350ms;\"><\/div><\/div><\/div><div style=\"--awb-backgroundcolor:#f1f4f6;--awb-iconcolor:#ffffff;--awb-content-padding-left:70px;\" class=\"fusion-column content-box-column content-box-column content-box-column-4 col-lg-12 col-md-12 col-sm-12 fusion-content-box-hover content-box-column-last content-box-column-last-in-row\"><div class=\"col content-box-wrapper content-wrapper-background link-area-link-icon content-icon-wrapper-yes icon-hover-animation-fade fusion-animated\" data-animationType=\"fadeIn\" data-animationDuration=\"0.25\" data-animationOffset=\"top-into-view\"><div class=\"heading heading-with-icon icon-left\" style=\"margin-top:11px;\"><div class=\"icon\" style=\"margin-top:-11px;margin-bottom:-11px;-webkit-animation-duration: 350ms;animation-duration: 350ms;\"><span style=\"height:48px;width:48px;line-height:24px;border-color:var(--awb-color7);border-width:1px;border-style:solid;background-color:var(--awb-color7);margin-right:20px;box-sizing:content-box;border-radius:100%;\"><i style=\"border-color:var(--awb-color6);border-width:0px;background-color:var(--awb-color6);box-sizing:content-box;height:48px;width:48px;line-height:48px;border-radius:100%;position:relative;top:auto;left:auto;margin:0;border-radius:100%;font-size:24px;\" aria-hidden=\"true\" class=\"fontawesome-icon fa-ruler-combined fas circle-yes\"><\/i><\/span><\/div><h3 class=\"content-box-heading\" style=\"--h3_typography-font-size:28px;line-height:33px;\">Andra m\u00e5tt<\/h3><\/div><div class=\"fusion-clearfix\"><\/div><div class=\"content-container\">\n<p>Med sitsskjutm\u00e5ttet tar du enkelt andra m\u00e5tt, tex ryggbredd vid sittanpassning med trepunktsst\u00f6d eller anpassning med b\u00e5lst\u00f6d. Underbensl\u00e4ngden m\u00e4ts enklast med m\u00e5ttband fr\u00e5n golv till britsens \u00f6verkant.<\/p>\n<\/div><div class=\"content-box-shortcode-timeline-vertical\" style=\"border-color:var(--awb-color7);left:75px;top:60px;-webkit-transition-duration: 350ms;animation-duration: 350ms;\"><\/div><\/div><\/div><div class=\"fusion-clearfix\"><\/div><\/div><\/div><\/div><\/div><\/div>\n","protected":false},"excerpt":{"rendered":"","protected":false},"author":1,"featured_media":0,"parent":0,"menu_order":0,"comment_status":"closed","ping_status":"open","template":"","meta":{"footnotes":""},"acf":[],"_links":{"self":[{"href":"https:\/\/www.snickeri.info\/index.php?rest_route=\/wp\/v2\/pages\/6"}],"collection":[{"href":"https:\/\/www.snickeri.info\/index.php?rest_route=\/wp\/v2\/pages"}],"about":[{"href":"https:\/\/www.snickeri.info\/index.php?rest_route=\/wp\/v2\/types\/page"}],"author":[{"embeddable":true,"href":"https:\/\/www.snickeri.info\/index.php?rest_route=\/wp\/v2\/users\/1"}],"replies":[{"embeddable":true,"href":"https:\/\/www.snickeri.info\/index.php?rest_route=%2Fwp%2Fv2%2Fcomments&post=6"}],"version-history":[{"count":39,"href":"https:\/\/www.snickeri.info\/index.php?rest_route=\/wp\/v2\/pages\/6\/revisions"}],"predecessor-version":[{"id":561,"href":"https:\/\/www.snickeri.info\/index.php?rest_route=\/wp\/v2\/pages\/6\/revisions\/561"}],"wp:attachment":[{"href":"https:\/\/www.snickeri.info\/index.php?rest_route=%2Fwp%2Fv2%2Fmedia&parent=6"}],"curies":[{"name":"wp","href":"https:\/\/api.w.org\/{rel}","templated":true}]}}