{"id":259,"date":"2013-11-02T12:30:18","date_gmt":"2013-11-02T11:30:18","guid":{"rendered":"http:\/\/www.snickeri.info\/?page_id=259"},"modified":"2025-01-26T15:47:28","modified_gmt":"2025-01-26T14:47:28","slug":"bestall-2","status":"publish","type":"page","link":"https:\/\/www.snickeri.info\/?page_id=259","title":{"rendered":"Best\u00e4ll"},"content":{"rendered":"<div class=\"fusion-fullwidth fullwidth-box fusion-builder-row-1 fusion-flex-container nonhundred-percent-fullwidth non-hundred-percent-height-scrolling\" style=\"--awb-border-radius-top-left:0px;--awb-border-radius-top-right:0px;--awb-border-radius-bottom-right:0px;--awb-border-radius-bottom-left:0px;\" ><div class=\"fusion-builder-row fusion-row fusion-flex-align-items-flex-start\" style=\"max-width:1248px;margin-left: calc(-4% \/ 2 );margin-right: calc(-4% \/ 2 );\"><div class=\"fusion-layout-column fusion_builder_column fusion-builder-column-0 fusion_builder_column_1_1 1_1 fusion-flex-column\" style=\"--awb-bg-blend:overlay;--awb-bg-size:cover;--awb-width-large:100%;--awb-margin-top-large:0px;--awb-spacing-right-large:1.92%;--awb-margin-bottom-large:0px;--awb-spacing-left-large:1.92%;--awb-width-medium:100%;--awb-spacing-right-medium:1.92%;--awb-spacing-left-medium:1.92%;--awb-width-small:100%;--awb-spacing-right-small:1.92%;--awb-spacing-left-small:1.92%;\"><div class=\"fusion-column-wrapper fusion-flex-justify-content-flex-start fusion-content-layout-column\"><div class=\"fusion-title title fusion-title-1 fusion-sep-none fusion-title-text fusion-title-size-three\"><h3 class=\"title-heading-left\" style=\"margin:0;\">Best\u00e4ll enligt nedan<\/h3><\/div><div class=\"fusion-text fusion-text-1\"><\/p>\n<\/p>\n<p>Skicka er best\u00e4llning till <a href=\"mailto:seppo@snickeri.info\">seppo@snickeri.info<\/a><\/p>\n<p>&nbsp;<\/p>\n<p>Namn p\u00e5 enheten dit varan ska skickas, ev. avdelning etc. Vi skickar inte till privata adresser.<\/p>\n<p><span style=\"color: var(--awb-text-color); font-family: var(--awb-text-font-family); font-size: var(--awb-font-size); font-style: var(--awb-text-font-style); font-weight: var(--awb-text-font-weight); letter-spacing: var(--awb-letter-spacing); text-align: var(--awb-content-alignment); text-transform: var(--awb-text-transform); background-color: var(--awb-bg-color);\">Namn p\u00e5 kontaktperson om det beh\u00f6vs och ev. annan information som DHL-chauff\u00f6ren <\/span><span style=\"color: var(--awb-text-color); font-family: var(--awb-text-font-family); font-size: var(--awb-font-size); font-style: var(--awb-text-font-style); font-weight: var(--awb-text-font-weight); letter-spacing: var(--awb-letter-spacing); text-align: var(--awb-content-alignment); text-transform: var(--awb-text-transform); background-color: var(--awb-bg-color);\">beh\u00f6ver.<br \/><\/span><\/p>\n<p>Korrekt postnummer som \u00e4r kopplat till leveransadressen vilket kan vara en helt annan \u00e4n <span style=\"color: var(--awb-text-color); font-family: var(--awb-text-font-family); font-size: var(--awb-font-size); font-style: var(--awb-text-font-style); font-weight: var(--awb-text-font-weight); letter-spacing: var(--awb-letter-spacing); text-align: var(--awb-content-alignment); text-transform: var(--awb-text-transform); background-color: var(--awb-bg-color);\">det i er vanliga postadress.<br \/><\/span><\/p>\n<p>Till\u00e4ggskostnad fr\u00e5n DHL n\u00e4r de f\u00e5tt fel uppgifter och d\u00e4rmed f\u00e5r problem att leverera l\u00e4ggs <span style=\"color: var(--awb-text-color); font-family: var(--awb-text-font-family); font-size: var(--awb-font-size); font-style: var(--awb-text-font-style); font-weight: var(--awb-text-font-weight); letter-spacing: var(--awb-letter-spacing); text-align: var(--awb-content-alignment); text-transform: var(--awb-text-transform); background-color: var(--awb-bg-color);\">p\u00e5 er faktura vilket \u00e4r on\u00f6digt.<br \/><\/span><\/p>\n<p>Vi skickar helst e-faktura. Vi beh\u00f6ver organisations- och g\u00e4rna GLN-numret knutet till er <span style=\"color: var(--awb-text-color); font-family: var(--awb-text-font-family); font-size: var(--awb-font-size); font-style: var(--awb-text-font-style); font-weight: var(--awb-text-font-weight); letter-spacing: var(--awb-letter-spacing); text-align: var(--awb-content-alignment); text-transform: var(--awb-text-transform); background-color: var(--awb-bg-color);\">verksamhet f\u00f6r att systemen ska hitta varandra. <\/span><\/p>\n<p><span style=\"color: var(--awb-text-color); font-family: var(--awb-text-font-family); font-size: var(--awb-font-size); font-style: var(--awb-text-font-style); font-weight: var(--awb-text-font-weight); letter-spacing: var(--awb-letter-spacing); text-align: var(--awb-content-alignment); text-transform: var(--awb-text-transform); background-color: var(--awb-bg-color);\">Det \u00e4r mycket viktigt att vi f\u00e5r korrekta <\/span><span style=\"color: var(--awb-text-color); font-family: var(--awb-text-font-family); font-size: var(--awb-font-size); font-style: var(--awb-text-font-style); font-weight: var(--awb-text-font-weight); letter-spacing: var(--awb-letter-spacing); text-align: var(--awb-content-alignment); text-transform: var(--awb-text-transform); background-color: var(--awb-bg-color);\">referensnummer, ofta en kod, eller andra nummer er verksamhet kr\u00e4ver f\u00f6r att undvika att <\/span><span style=\"color: var(--awb-text-color); font-family: var(--awb-text-font-family); font-size: var(--awb-font-size); font-style: var(--awb-text-font-style); font-weight: var(--awb-text-font-weight); letter-spacing: var(--awb-letter-spacing); text-align: var(--awb-content-alignment); text-transform: var(--awb-text-transform); background-color: var(--awb-bg-color);\">fakturan studsar tillbaka.<\/span><\/p>\n<\/p><\/p>\n<\/div><\/div><\/div><\/div><\/div>","protected":false},"excerpt":{"rendered":"","protected":false},"author":1,"featured_media":0,"parent":0,"menu_order":0,"comment_status":"closed","ping_status":"open","template":"","meta":{"footnotes":""},"acf":[],"_links":{"self":[{"href":"https:\/\/www.snickeri.info\/index.php?rest_route=\/wp\/v2\/pages\/259"}],"collection":[{"href":"https:\/\/www.snickeri.info\/index.php?rest_route=\/wp\/v2\/pages"}],"about":[{"href":"https:\/\/www.snickeri.info\/index.php?rest_route=\/wp\/v2\/types\/page"}],"author":[{"embeddable":true,"href":"https:\/\/www.snickeri.info\/index.php?rest_route=\/wp\/v2\/users\/1"}],"replies":[{"embeddable":true,"href":"https:\/\/www.snickeri.info\/index.php?rest_route=%2Fwp%2Fv2%2Fcomments&post=259"}],"version-history":[{"count":12,"href":"https:\/\/www.snickeri.info\/index.php?rest_route=\/wp\/v2\/pages\/259\/revisions"}],"predecessor-version":[{"id":560,"href":"https:\/\/www.snickeri.info\/index.php?rest_route=\/wp\/v2\/pages\/259\/revisions\/560"}],"wp:attachment":[{"href":"https:\/\/www.snickeri.info\/index.php?rest_route=%2Fwp%2Fv2%2Fmedia&parent=259"}],"curies":[{"name":"wp","href":"https:\/\/api.w.org\/{rel}","templated":true}]}}